{"id":145,"date":"2021-10-03T23:04:33","date_gmt":"2021-10-03T23:04:33","guid":{"rendered":"https:\/\/fontaneriaramossl.com\/?page_id=145"},"modified":"2021-10-03T23:04:33","modified_gmt":"2021-10-03T23:04:33","slug":"politica-de-privacidad","status":"publish","type":"page","link":"https:\/\/fontaneriaramossl.com\/?page_id=145","title":{"rendered":"Pol\u00edtica de Privacidad"},"content":{"rendered":"<p>[et_pb_section fb_built=\u00bb1&#8243; prev_background_color=\u00bb#ffffff\u00bb next_background_color=\u00bb#ffffff\u00bb admin_label=\u00bbHeader\u00bb _builder_version=\u00bb3.22&#8243; use_background_color_gradient=\u00bbon\u00bb background_color_gradient_start=\u00bbrgba(9,29,76,0.85)\u00bb background_color_gradient_end=\u00bb#2682ff\u00bb background_color_gradient_direction=\u00bb-30deg\u00bb background_color_gradient_overlays_image=\u00bbon\u00bb custom_padding=\u00bb8vw|0px|100px|0px|false|false\u00bb top_divider_style=\u00bbwaves2&#8243; top_divider_height=\u00bb5vw\u00bb top_divider_repeat=\u00bb0.5x\u00bb top_divider_flip=\u00bbhorizontal\u00bb bottom_divider_style=\u00bbcurve\u00bb bottom_divider_height=\u00bb30px\u00bb global_colors_info=\u00bb{}\u00bb box_shadow_style__hover=\u00bbnone\u00bb box_shadow_style__hover_enabled=\u00bbnone\u00bb box_shadow_color__hover=\u00bbrgba(0,0,0,0.3)\u00bb box_shadow_color__hover_enabled=\u00bbrgba(0,0,0,0.3)\u00bb][et_pb_row _builder_version=\u00bb3.25&#8243; max_width=\u00bb2600px\u00bb custom_margin=\u00bb||\u00bb use_custom_width=\u00bbon\u00bb custom_width_px=\u00bb2600px\u00bb custom_width_px__hover=\u00bb1080px\u00bb custom_width_px__hover_enabled=\u00bb1080px\u00bb custom_width_percent__hover=\u00bb80%\u00bb custom_width_percent__hover_enabled=\u00bb80%\u00bb locked=\u00bboff\u00bb global_colors_info=\u00bb{}\u00bb use_custom_width__hover=\u00bboff\u00bb use_custom_width__hover_enabled=\u00bboff\u00bb width_unit__hover=\u00bbon\u00bb width_unit__hover_enabled=\u00bbon\u00bb gutter_width__hover=\u00bb3&#8243; gutter_width__hover_enabled=\u00bb3&#8243; parallax_1__hover=\u00bboff\u00bb parallax_1__hover_enabled=\u00bboff\u00bb parallax_2__hover=\u00bboff\u00bb parallax_2__hover_enabled=\u00bboff\u00bb parallax_3__hover=\u00bboff\u00bb parallax_3__hover_enabled=\u00bboff\u00bb parallax_4__hover=\u00bboff\u00bb parallax_4__hover_enabled=\u00bboff\u00bb parallax_5__hover=\u00bboff\u00bb parallax_5__hover_enabled=\u00bboff\u00bb parallax_6__hover=\u00bboff\u00bb parallax_6__hover_enabled=\u00bboff\u00bb parallax_method_1__hover=\u00bbon\u00bb parallax_method_1__hover_enabled=\u00bbon\u00bb parallax_method_2__hover=\u00bbon\u00bb parallax_method_2__hover_enabled=\u00bbon\u00bb parallax_method_3__hover=\u00bbon\u00bb parallax_method_3__hover_enabled=\u00bbon\u00bb parallax_method_4__hover=\u00bbon\u00bb parallax_method_4__hover_enabled=\u00bbon\u00bb parallax_method_5__hover=\u00bbon\u00bb parallax_method_5__hover_enabled=\u00bbon\u00bb parallax_method_6__hover=\u00bbon\u00bb parallax_method_6__hover_enabled=\u00bbon\u00bb use_background_color_gradient__hover=\u00bboff\u00bb use_background_color_gradient__hover_enabled=\u00bboff\u00bb background_color_gradient_start__hover=\u00bb#2b87da\u00bb background_color_gradient_start__hover_enabled=\u00bb#2b87da\u00bb background_color_gradient_end__hover=\u00bb#29c4a9&#8243; background_color_gradient_end__hover_enabled=\u00bb#29c4a9&#8243; background_color_gradient_type__hover=\u00bblinear\u00bb background_color_gradient_type__hover_enabled=\u00bblinear\u00bb background_color_gradient_direction__hover=\u00bb180deg\u00bb background_color_gradient_direction__hover_enabled=\u00bb180deg\u00bb background_color_gradient_direction_radial__hover=\u00bbcenter\u00bb background_color_gradient_direction_radial__hover_enabled=\u00bbcenter\u00bb background_color_gradient_start_position__hover=\u00bb0%\u00bb background_color_gradient_start_position__hover_enabled=\u00bb0%\u00bb background_color_gradient_end_position__hover=\u00bb100%\u00bb background_color_gradient_end_position__hover_enabled=\u00bb100%\u00bb background_color_gradient_overlays_image__hover=\u00bboff\u00bb background_color_gradient_overlays_image__hover_enabled=\u00bboff\u00bb parallax__hover=\u00bboff\u00bb parallax__hover_enabled=\u00bboff\u00bb parallax_method__hover=\u00bbon\u00bb parallax_method__hover_enabled=\u00bbon\u00bb background_size__hover=\u00bbcover\u00bb background_size__hover_enabled=\u00bbcover\u00bb background_position__hover=\u00bbcenter\u00bb background_position__hover_enabled=\u00bbcenter\u00bb background_repeat__hover=\u00bbno-repeat\u00bb background_repeat__hover_enabled=\u00bbno-repeat\u00bb background_blend__hover=\u00bbnormal\u00bb background_blend__hover_enabled=\u00bbnormal\u00bb allow_player_pause__hover=\u00bboff\u00bb allow_player_pause__hover_enabled=\u00bboff\u00bb background_video_pause_outside_viewport__hover=\u00bbon\u00bb background_video_pause_outside_viewport__hover_enabled=\u00bbon\u00bb make_fullwidth__hover=\u00bboff\u00bb make_fullwidth__hover_enabled=\u00bboff\u00bb use_custom_gutter__hover=\u00bboff\u00bb use_custom_gutter__hover_enabled=\u00bboff\u00bb make_equal__hover=\u00bboff\u00bb make_equal__hover_enabled=\u00bboff\u00bb border_radii__hover=\u00bbon||||\u00bb border_radii__hover_enabled=\u00bbon||||\u00bb box_shadow_style__hover=\u00bbnone\u00bb box_shadow_style__hover_enabled=\u00bbnone\u00bb box_shadow_color__hover=\u00bbrgba(0,0,0,0.3)\u00bb box_shadow_color__hover_enabled=\u00bbrgba(0,0,0,0.3)\u00bb filter_hue_rotate__hover=\u00bb0deg\u00bb filter_hue_rotate__hover_enabled=\u00bb0deg\u00bb filter_saturate__hover=\u00bb100%\u00bb filter_saturate__hover_enabled=\u00bb100%\u00bb filter_brightness__hover=\u00bb100%\u00bb filter_brightness__hover_enabled=\u00bb100%\u00bb filter_contrast__hover=\u00bb100%\u00bb filter_contrast__hover_enabled=\u00bb100%\u00bb filter_invert__hover=\u00bb0%\u00bb filter_invert__hover_enabled=\u00bb0%\u00bb filter_sepia__hover=\u00bb0%\u00bb filter_sepia__hover_enabled=\u00bb0%\u00bb filter_opacity__hover=\u00bb100%\u00bb filter_opacity__hover_enabled=\u00bb100%\u00bb filter_blur__hover=\u00bb0px\u00bb filter_blur__hover_enabled=\u00bb0px\u00bb mix_blend_mode__hover=\u00bbnormal\u00bb mix_blend_mode__hover_enabled=\u00bbnormal\u00bb animation_style__hover=\u00bbnone\u00bb animation_style__hover_enabled=\u00bbnone\u00bb animation_repeat__hover=\u00bbonce\u00bb animation_repeat__hover_enabled=\u00bbonce\u00bb animation_direction__hover=\u00bbcenter\u00bb animation_direction__hover_enabled=\u00bbcenter\u00bb animation_duration__hover=\u00bb1000ms\u00bb animation_duration__hover_enabled=\u00bb1000ms\u00bb animation_delay__hover=\u00bb0ms\u00bb animation_delay__hover_enabled=\u00bb0ms\u00bb animation_intensity_slide__hover=\u00bb50%\u00bb animation_intensity_slide__hover_enabled=\u00bb50%\u00bb animation_intensity_zoom__hover=\u00bb50%\u00bb animation_intensity_zoom__hover_enabled=\u00bb50%\u00bb animation_intensity_flip__hover=\u00bb50%\u00bb animation_intensity_flip__hover_enabled=\u00bb50%\u00bb animation_intensity_fold__hover=\u00bb50%\u00bb animation_intensity_fold__hover_enabled=\u00bb50%\u00bb animation_intensity_roll__hover=\u00bb50%\u00bb animation_intensity_roll__hover_enabled=\u00bb50%\u00bb animation_starting_opacity__hover=\u00bb0%\u00bb animation_starting_opacity__hover_enabled=\u00bb0%\u00bb animation_speed_curve__hover=\u00bbease-in-out\u00bb animation_speed_curve__hover_enabled=\u00bbease-in-out\u00bb hover_transition_duration__hover=\u00bb300ms\u00bb hover_transition_duration__hover_enabled=\u00bb300ms\u00bb hover_transition_delay__hover=\u00bb0ms\u00bb hover_transition_delay__hover_enabled=\u00bb0ms\u00bb hover_transition_speed_curve__hover=\u00bbease\u00bb hover_transition_speed_curve__hover_enabled=\u00bbease\u00bb max_width__hover=\u00bb1080px\u00bb max_width__hover_enabled=\u00bb1080px\u00bb][et_pb_column type=\u00bb4_4&#8243; _builder_version=\u00bb3.25&#8243; custom_padding=\u00bb|||\u00bb global_colors_info=\u00bb{}\u00bb custom_padding__hover=\u00bb|||\u00bb][et_pb_text _builder_version=\u00bb4.11.1&#8243; text_font=\u00bb||||||||\u00bb text_font_size=\u00bb15px\u00bb text_line_height=\u00bb2em\u00bb header_font=\u00bb||||||||\u00bb header_3_font=\u00bbMontserrat|800||on|||||\u00bb header_3_text_color=\u00bbrgba(255,255,255,0.05)\u00bb header_3_font_size=\u00bb5vw\u00bb header_3_letter_spacing=\u00bb2px\u00bb background_color=\u00bbRGBA(0,0,0,0)\u00bb text_orientation=\u00bbcenter\u00bb background_layout=\u00bbdark\u00bb module_alignment=\u00bbcenter\u00bb custom_margin=\u00bb||-5vw\u00bb filter_blur=\u00bb2px\u00bb hover_enabled=\u00bb0&#8243; locked=\u00bboff\u00bb global_colors_info=\u00bb{}\u00bb header_font_size__hover=\u00bb30px\u00bb header_font_size__hover_enabled=\u00bb30px\u00bb header_letter_spacing__hover=\u00bb0px\u00bb header_letter_spacing__hover_enabled=\u00bb0px\u00bb header_text_shadow_style__hover=\u00bbnone\u00bb header_text_shadow_style__hover_enabled=\u00bbnone\u00bb header_text_shadow_color__hover=\u00bbrgba(0,0,0,0.4)\u00bb header_text_shadow_color__hover_enabled=\u00bbrgba(0,0,0,0.4)\u00bb header_2_font_size__hover=\u00bb26px\u00bb header_2_font_size__hover_enabled=\u00bb26px\u00bb header_2_letter_spacing__hover=\u00bb0px\u00bb header_2_letter_spacing__hover_enabled=\u00bb0px\u00bb header_2_line_height__hover=\u00bb1em\u00bb header_2_line_height__hover_enabled=\u00bb1em\u00bb header_2_text_shadow_style__hover=\u00bbnone\u00bb header_2_text_shadow_style__hover_enabled=\u00bbnone\u00bb header_2_text_shadow_color__hover=\u00bbrgba(0,0,0,0.4)\u00bb header_2_text_shadow_color__hover_enabled=\u00bbrgba(0,0,0,0.4)\u00bb sticky_enabled=\u00bb0&#8243;]<\/p>\n<h3>POL\u00cdTICA DE PRIVACIDAD<\/h3>\n<p>[\/et_pb_text][et_pb_text _builder_version=\u00bb4.11.1&#8243; text_font=\u00bb||||||||\u00bb link_font=\u00bb||||||||\u00bb ul_font=\u00bb||||||||\u00bb ol_font=\u00bb||||||||\u00bb quote_font=\u00bb||||||||\u00bb header_font=\u00bbMontserrat|600|||||||\u00bb header_font_size=\u00bb5vw\u00bb header_line_height=\u00bb1.3em\u00bb header_2_font=\u00bbMontserrat|600||on|||||\u00bb header_2_letter_spacing=\u00bb2px\u00bb header_2_line_height=\u00bb1.4em\u00bb header_3_font=\u00bbMontserrat||||||||\u00bb header_3_line_height=\u00bb1.5em\u00bb background_color=\u00bbRGBA(0,0,0,0)\u00bb text_orientation=\u00bbcenter\u00bb background_layout=\u00bbdark\u00bb max_width_tablet=\u00bb\u00bb max_width_phone=\u00bb\u00bb max_width_last_edited=\u00bbon|desktop\u00bb animation_style=\u00bbzoom\u00bb hover_enabled=\u00bb0&#8243; header_font_size_tablet=\u00bb40px\u00bb header_font_size_phone=\u00bb30px\u00bb header_font_size_last_edited=\u00bbon|tablet\u00bb header_3_font_size_tablet=\u00bb\u00bb header_3_font_size_phone=\u00bb16px\u00bb header_3_font_size_last_edited=\u00bbon|phone\u00bb locked=\u00bboff\u00bb global_colors_info=\u00bb{}\u00bb sticky_enabled=\u00bb0&#8243;]<\/p>\n<h1>POL\u00cdTICA DE PRIVACIDAD<\/h1>\n<p>[\/et_pb_text][et_pb_divider color=\u00bb#2682ff\u00bb divider_weight=\u00bb4px\u00bb _builder_version=\u00bb3.17.2&#8243; max_width=\u00bb60px\u00bb module_alignment=\u00bbcenter\u00bb height=\u00bb4px\u00bb global_colors_info=\u00bb{}\u00bb][\/et_pb_divider][\/et_pb_column][\/et_pb_row][\/et_pb_section][et_pb_section fb_built=\u00bb1&#8243; _builder_version=\u00bb4.11.1&#8243; _module_preset=\u00bbdefault\u00bb global_colors_info=\u00bb{}\u00bb][et_pb_row _builder_version=\u00bb4.11.1&#8243; _module_preset=\u00bbdefault\u00bb global_colors_info=\u00bb{}\u00bb][et_pb_column type=\u00bb4_4&#8243; _builder_version=\u00bb4.11.1&#8243; _module_preset=\u00bbdefault\u00bb global_colors_info=\u00bb{}\u00bb][et_pb_text _builder_version=\u00bb4.11.1&#8243; _module_preset=\u00bbdefault\u00bb hover_enabled=\u00bb0&#8243; global_colors_info=\u00bb{}\u00bb sticky_enabled=\u00bb0&#8243;]<\/p>\n<p class=\"bodytext\">USO Y TRATAMIENTO DE DATOS DE CAR\u00c1CTER PERSONAL<\/p>\n<p class=\"bodytext\">\n<p class=\"bodytext\"><span><\/span>Le informamos que los datos de car\u00e1cter personal que pudieran proporcionarse, a trav\u00e9s de este sitio web, as\u00ed como los que pudiera facilitar en el futuro en el marco de su relaci\u00f3n jur\u00eddica con esta entidad, ser\u00e1n incorporados a nuestra base de datos.<\/p>\n<p class=\"bodytext\">\n<p class=\"bodytext\"><span><\/span>Se informa sobre los siguientes extremos relativos a la protecci\u00f3n de datos:<\/p>\n<p class=\"bodytext\">\n<ol class=\"bodytext\">\n<li class=\"bodytext\"><span>Responsable del tratamiento<\/span>: Somos responsables de los datos recogidos en el formulario correspondiente.<\/li>\n<li class=\"bodytext\"><span>Necesidad del tratamiento<\/span>: La comunicaci\u00f3n de sus datos a trav\u00e9s del formulario correspondiente es obligatoria para podamos contactar.<\/li>\n<li class=\"bodytext\"><span>Finalidades del tratamiento y legitimaci\u00f3n del tratamiento<\/span>:\n<ul class=\"bodytext\">\n<li class=\"bodytext\">Gestionar, administrar, prestarle los servicios o facilitarle los productos que solicite y, en su caso, para el cumplimiento y ejecuci\u00f3n de los contratos que pudiera celebrar, conocer mejor sus gustos, adecuar los servicios a sus preferencias.<\/li>\n<li class=\"bodytext\">Enviarle, por correo postal, correo electr\u00f3nico y otros medios de comunicaci\u00f3n electr\u00f3nica equivalente, comunicaciones comerciales y publicitarias sobre nuestros productos y\/o servicios.<\/li>\n<\/ul>\n<\/li>\n<li class=\"bodytext\"><span>Destinatarios<\/span>: Contratamos con alguna entidad que prestan servicios como los de mantenimiento y hosting, a trav\u00e9s de contratos de encargo del tratamiento para dar soporte a los fines de tratamiento indicados.<\/li>\n<li class=\"bodytext\"><span>Plazo de conservaci\u00f3n de datos<\/span>: Conservaremos sus datos mientras se mantenga el tratamiento y no solicite la supresi\u00f3n de los mismos.<\/li>\n<li class=\"bodytext\"><span>Derechos<\/span>: Podr\u00e1 ejercitar los derechos de acceso, rectificaci\u00f3n, supresi\u00f3n, limitaci\u00f3n al tratamiento, oposici\u00f3n, portabilidad y derecho a no ser objeto de una decisi\u00f3n basada \u00fanicamente en el tratamiento automatizado, mediante comunicaci\u00f3n escrita al domicilio indicado en el aviso legal y a revocar su consentimiento sin efectos retroactivos u oponerse a la recepci\u00f3n de comunicaciones comerciales publicitarias por email y otros medios de comunicaci\u00f3n electr\u00f3nica equivalente, enviando y a presentar una reclamaci\u00f3n ante la Autoridad de control, en Espa\u00f1a, la Agencia Espa\u00f1ola de Protecci\u00f3n de Datos.<\/li>\n<li class=\"bodytext\"><span>Modificaci\u00f3n de la pol\u00edtica de privacidad<\/span>: Nos reservamos el derecho a modificar su Pol\u00edtica de Privacidad, de acuerdo a nuestro propio criterio, o motivado por un cambio doctrinal de la Autoridad competente en Protecci\u00f3n de Datos, legislativo o jurisprudencial. El uso de la Web despu\u00e9s de dichos cambios implicar\u00e1 la aceptaci\u00f3n de \u00e9stos.<\/li>\n<li class=\"bodytext\"><span>Legislaci\u00f3n aplicable<\/span>: Cualquier controversia que se derive del uso de este Site, ser\u00e1 regida, interpretada y sometida de acuerdo con las leyes de Espa\u00f1a.<\/li>\n<\/ol>\n<p>[\/et_pb_text][\/et_pb_column][\/et_pb_row][\/et_pb_section][et_pb_section fb_built=\u00bb1&#8243; prev_background_color=\u00bb#ffffff\u00bb admin_label=\u00bbFooter\u00bb _builder_version=\u00bb3.22&#8243; background_color=\u00bb#2d4989&#8243; use_background_color_gradient=\u00bbon\u00bb background_color_gradient_start=\u00bb#223a6b\u00bb background_color_gradient_end=\u00bbrgba(45,73,137,0.74)\u00bb background_color_gradient_direction=\u00bb-20deg\u00bb background_color_gradient_overlays_image=\u00bbon\u00bb background_image=\u00bbhttps:\/\/fontaneriaramossl.com\/wp-content\/uploads\/2021\/08\/plumber-08.jpg\u00bb custom_padding=\u00bb12vw||8vw||false|false\u00bb top_divider_style=\u00bbwaves2&#8243; top_divider_repeat=\u00bb0.5x\u00bb border_radii=\u00bb|||20vw|20vw\u00bb box_shadow_style=\u00bbpreset6&#8243; box_shadow_blur=\u00bb200px\u00bb box_shadow_color=\u00bbrgba(0,0,0,0.5)\u00bb global_colors_info=\u00bb{}\u00bb][et_pb_row column_structure=\u00bb1_4,1_4,1_4,1_4&#8243; _builder_version=\u00bb3.25&#8243; background_color=\u00bb#2682ff\u00bb custom_margin=\u00bb40px||40px||true\u00bb custom_padding=\u00bb60px|40px|60px|40px|true|true\u00bb animation_style=\u00bbslide\u00bb animation_direction=\u00bbbottom\u00bb animation_intensity_slide=\u00bb4%\u00bb border_radii=\u00bbon|15px|15px|15px|15px\u00bb box_shadow_style=\u00bbpreset3&#8243; box_shadow_vertical=\u00bb35px\u00bb box_shadow_color=\u00bbrgba(0,9,48,0.1)\u00bb global_colors_info=\u00bb{}\u00bb][et_pb_column type=\u00bb1_4&#8243; _builder_version=\u00bb3.25&#8243; custom_padding=\u00bb|||\u00bb global_colors_info=\u00bb{}\u00bb custom_padding__hover=\u00bb|||\u00bb][et_pb_blurb title=\u00bbDirecci\u00f3n\u00bb use_icon=\u00bbon\u00bb font_icon=\u00bb%%122%%\u00bb icon_color=\u00bb#FFFFFF\u00bb use_circle=\u00bbon\u00bb use_icon_font_size=\u00bbon\u00bb icon_font_size=\u00bb30px\u00bb _builder_version=\u00bb4.11.1&#8243; _module_preset=\u00bbdefault\u00bb header_font=\u00bb|700|||||||\u00bb header_text_color=\u00bb#FFFFFF\u00bb header_font_size=\u00bb18px\u00bb body_text_color=\u00bb#FFFFFF\u00bb text_orientation=\u00bbcenter\u00bb global_colors_info=\u00bb{}\u00bb]<\/p>\n<p>R\u00faa Navegantes, 8-10 bajo<br \/>15401 Ferrol (A Coru\u00f1a)<\/p>\n<p>[\/et_pb_blurb][\/et_pb_column][et_pb_column type=\u00bb1_4&#8243; _builder_version=\u00bb3.25&#8243; custom_padding=\u00bb|||\u00bb global_colors_info=\u00bb{}\u00bb custom_padding__hover=\u00bb|||\u00bb][et_pb_blurb title=\u00bbTel\u00e9fono\u00bb use_icon=\u00bbon\u00bb font_icon=\u00bb%%132%%\u00bb icon_color=\u00bb#FFFFFF\u00bb use_circle=\u00bbon\u00bb use_icon_font_size=\u00bbon\u00bb icon_font_size=\u00bb30px\u00bb _builder_version=\u00bb4.11.1&#8243; _module_preset=\u00bbdefault\u00bb header_font=\u00bb|700|||||||\u00bb header_text_color=\u00bb#FFFFFF\u00bb header_font_size=\u00bb18px\u00bb text_orientation=\u00bbcenter\u00bb global_colors_info=\u00bb{}\u00bb]<\/p>\n<p><span style=\"color: #ffffff;\"><a data-global=\"phone\" href=\"tel:981357570\" target=\"_blank\" rel=\"noopener\" data-track-event=\"click\" data-track-action=\"phone_link\" style=\"color: #ffffff;\">981 357 570<\/a><\/span><\/p>\n<p>[\/et_pb_blurb][\/et_pb_column][et_pb_column type=\u00bb1_4&#8243; _builder_version=\u00bb3.25&#8243; custom_padding=\u00bb|||\u00bb global_colors_info=\u00bb{}\u00bb custom_padding__hover=\u00bb|||\u00bb][et_pb_blurb title=\u00bbCorreo\u00bb use_icon=\u00bbon\u00bb font_icon=\u00bb%%238%%\u00bb icon_color=\u00bb#FFFFFF\u00bb use_circle=\u00bbon\u00bb use_icon_font_size=\u00bbon\u00bb icon_font_size=\u00bb30px\u00bb _builder_version=\u00bb4.11.1&#8243; _module_preset=\u00bbdefault\u00bb header_font=\u00bb|700|||||||\u00bb header_text_color=\u00bb#FFFFFF\u00bb header_font_size=\u00bb18px\u00bb text_orientation=\u00bbcenter\u00bb global_colors_info=\u00bb{}\u00bb]<\/p>\n<p><span style=\"color: #ffffff;\"><a href=\"mailto:fontaneriaramossl@yahoo.es\" target=\"_blank\" rel=\"noopener\" data-track-event=\"click\" data-track-action=\"email_link\" style=\"color: #ffffff;\">fontaneriaramossl@yahoo.es<\/a><\/span><\/p>\n<p>[\/et_pb_blurb][\/et_pb_column][et_pb_column type=\u00bb1_4&#8243; _builder_version=\u00bb3.25&#8243; custom_padding=\u00bb|||\u00bb global_colors_info=\u00bb{}\u00bb custom_padding__hover=\u00bb|||\u00bb][et_pb_blurb title=\u00bbM\u00f3vil\u00bb use_icon=\u00bbon\u00bb font_icon=\u00bb%%264%%\u00bb icon_color=\u00bb#FFFFFF\u00bb use_circle=\u00bbon\u00bb use_icon_font_size=\u00bbon\u00bb icon_font_size=\u00bb30px\u00bb _builder_version=\u00bb4.11.1&#8243; _module_preset=\u00bbdefault\u00bb header_font=\u00bb|700|||||||\u00bb header_text_color=\u00bb#FFFFFF\u00bb header_font_size=\u00bb18px\u00bb text_orientation=\u00bbcenter\u00bb global_colors_info=\u00bb{}\u00bb]<\/p>\n<p><span style=\"color: #ffffff;\"><a href=\"tel:607456432\" data-track-event=\"click\" data-track-action=\"phone_link\" style=\"color: #ffffff;\"><span class=\"monoglobalWrap\">607 456 432<\/span><\/a><\/span><\/p>\n<p>[\/et_pb_blurb][\/et_pb_column][\/et_pb_row][\/et_pb_section]<\/p>\n","protected":false},"excerpt":{"rendered":"<p>POL\u00cdTICA DE PRIVACIDADPOL\u00cdTICA DE PRIVACIDADUSO Y TRATAMIENTO DE DATOS DE CAR\u00c1CTER PERSONAL Le informamos que los datos de car\u00e1cter personal que pudieran proporcionarse, a trav\u00e9s de este sitio web, as\u00ed como los que pudiera facilitar en el futuro en el marco de su relaci\u00f3n jur\u00eddica con esta entidad, ser\u00e1n incorporados a nuestra base de datos. [&hellip;]<\/p>\n","protected":false},"author":1,"featured_media":0,"parent":0,"menu_order":0,"comment_status":"closed","ping_status":"closed","template":"","meta":{"_et_pb_use_builder":"on","_et_pb_old_content":"","_et_gb_content_width":"","footnotes":""},"class_list":["post-145","page","type-page","status-publish","hentry"],"_links":{"self":[{"href":"https:\/\/fontaneriaramossl.com\/index.php?rest_route=\/wp\/v2\/pages\/145","targetHints":{"allow":["GET"]}}],"collection":[{"href":"https:\/\/fontaneriaramossl.com\/index.php?rest_route=\/wp\/v2\/pages"}],"about":[{"href":"https:\/\/fontaneriaramossl.com\/index.php?rest_route=\/wp\/v2\/types\/page"}],"author":[{"embeddable":true,"href":"https:\/\/fontaneriaramossl.com\/index.php?rest_route=\/wp\/v2\/users\/1"}],"replies":[{"embeddable":true,"href":"https:\/\/fontaneriaramossl.com\/index.php?rest_route=%2Fwp%2Fv2%2Fcomments&post=145"}],"version-history":[{"count":0,"href":"https:\/\/fontaneriaramossl.com\/index.php?rest_route=\/wp\/v2\/pages\/145\/revisions"}],"wp:attachment":[{"href":"https:\/\/fontaneriaramossl.com\/index.php?rest_route=%2Fwp%2Fv2%2Fmedia&parent=145"}],"curies":[{"name":"wp","href":"https:\/\/api.w.org\/{rel}","templated":true}]}}